{"id":9,"date":"2025-06-09T20:47:32","date_gmt":"2025-06-09T20:47:32","guid":{"rendered":"https:\/\/arhico.si\/?page_id=9"},"modified":"2025-06-17T10:34:12","modified_gmt":"2025-06-17T10:34:12","slug":"novogradnja-buticnega-hotela-v-radencih","status":"publish","type":"page","link":"https:\/\/arhico.si\/index.php\/novogradnja-buticnega-hotela-v-radencih\/","title":{"rendered":"Novogradnja buti\u010dnega hotela v Radencih"},"content":{"rendered":"\r\n<p>V nastajanju je projekt izgradnje hotela s 30 sobami in 60 le\u017ei\u0161\u010di, v vrednosti 6.464.687,00 EUR , od katerega je\u00a0 1.799.536,92 EUR sofinancirano iz strani\u00a0 sklada Na\u010drta za okrevanje in odpornost\u00a0 in\u00a0 ki bo vam bo ponudil edinstveno in druga\u010dno dopustni\u0161ko izku\u0161njo. Hotel bo prinesel nova delovna mesta, prispeval k lokalnemu razvoju in turisti\u010dni prepoznavnosti kraja.\u00a0<\/p>\r\n","protected":false},"excerpt":{"rendered":"<p>V nastajanju je projekt izgradnje hotela s 30 sobami in 60 le\u017ei\u0161\u010di, v vrednosti 6.464.687,00 EUR , od katerega je\u00a0 1.799.536,92 EUR sofinancirano iz strani\u00a0 sklada Na\u010drta za okrevanje in odpornost\u00a0 in\u00a0 ki bo vam bo ponudil edinstveno in druga\u010dno dopustni\u0161ko izku\u0161njo. Hotel bo prinesel nova delovna mesta, prispeval k lokalnemu razvoju in turisti\u010dni prepoznavnosti &hellip; <\/p>\n<p class=\"link-more\"><a href=\"https:\/\/arhico.si\/index.php\/novogradnja-buticnega-hotela-v-radencih\/\" class=\"more-link\">Read more<span class=\"screen-reader-text\"> &#8220;Novogradnja buti\u010dnega hotela v Radencih&#8221;<\/span><\/a><\/p>\n","protected":false},"author":1,"featured_media":0,"parent":0,"menu_order":0,"comment_status":"closed","ping_status":"closed","template":"","meta":{"_monsterinsights_skip_tracking":false,"_monsterinsights_sitenote_active":false,"_monsterinsights_sitenote_note":"","_monsterinsights_sitenote_category":0,"footnotes":""},"class_list":["post-9","page","type-page","status-publish","hentry"],"yoast_head":"<!-- This site is optimized with the Yoast SEO plugin v25.3 - https:\/\/yoast.com\/wordpress\/plugins\/seo\/ -->\n<title>Novogradnja buti\u010dnega hotela v Radencih - ARHICO<\/title>\n<meta name=\"description\" content=\"Novogradnja buti\u010dnega hotela v Radencih\" \/>\n<meta name=\"robots\" content=\"index, follow, max-snippet:-1, max-image-preview:large, max-video-preview:-1\" \/>\n<link rel=\"canonical\" href=\"https:\/\/arhico.si\/index.php\/novogradnja-buticnega-hotela-v-radencih\/\" \/>\n<meta property=\"og:locale\" content=\"sl_SI\" \/>\n<meta property=\"og:type\" content=\"article\" \/>\n<meta property=\"og:title\" content=\"Novogradnja buti\u010dnega hotela v Radencih - ARHICO\" \/>\n<meta property=\"og:description\" content=\"Novogradnja buti\u010dnega hotela v Radencih\" \/>\n<meta property=\"og:url\" content=\"https:\/\/arhico.si\/index.php\/novogradnja-buticnega-hotela-v-radencih\/\" \/>\n<meta property=\"og:site_name\" content=\"ARHICO\" \/>\n<meta property=\"article:modified_time\" content=\"2025-06-17T10:34:12+00:00\" \/>\n<meta name=\"twitter:card\" content=\"summary_large_image\" \/>\n<meta name=\"twitter:label1\" content=\"Est. reading time\" \/>\n\t<meta name=\"twitter:data1\" content=\"1 minuta\" \/>\n<script type=\"application\/ld+json\" class=\"yoast-schema-graph\">{\"@context\":\"https:\/\/schema.org\",\"@graph\":[{\"@type\":\"WebPage\",\"@id\":\"https:\/\/arhico.si\/index.php\/novogradnja-buticnega-hotela-v-radencih\/\",\"url\":\"https:\/\/arhico.si\/index.php\/novogradnja-buticnega-hotela-v-radencih\/\",\"name\":\"Novogradnja buti\u010dnega hotela v Radencih - ARHICO\",\"isPartOf\":{\"@id\":\"https:\/\/arhico.si\/#website\"},\"datePublished\":\"2025-06-09T20:47:32+00:00\",\"dateModified\":\"2025-06-17T10:34:12+00:00\",\"description\":\"Novogradnja buti\u010dnega hotela v Radencih\",\"breadcrumb\":{\"@id\":\"https:\/\/arhico.si\/index.php\/novogradnja-buticnega-hotela-v-radencih\/#breadcrumb\"},\"inLanguage\":\"sl-SI\",\"potentialAction\":[{\"@type\":\"ReadAction\",\"target\":[\"https:\/\/arhico.si\/index.php\/novogradnja-buticnega-hotela-v-radencih\/\"]}]},{\"@type\":\"BreadcrumbList\",\"@id\":\"https:\/\/arhico.si\/index.php\/novogradnja-buticnega-hotela-v-radencih\/#breadcrumb\",\"itemListElement\":[{\"@type\":\"ListItem\",\"position\":1,\"name\":\"Home\",\"item\":\"https:\/\/arhico.si\/\"},{\"@type\":\"ListItem\",\"position\":2,\"name\":\"Novogradnja buti\u010dnega hotela v Radencih\"}]},{\"@type\":\"WebSite\",\"@id\":\"https:\/\/arhico.si\/#website\",\"url\":\"https:\/\/arhico.si\/\",\"name\":\"Novogradnja buti\u010dnega hotela v Radencih\",\"description\":\"Arhitecture I High I Constructions\",\"publisher\":{\"@id\":\"https:\/\/arhico.si\/#organization\"},\"potentialAction\":[{\"@type\":\"SearchAction\",\"target\":{\"@type\":\"EntryPoint\",\"urlTemplate\":\"https:\/\/arhico.si\/?s={search_term_string}\"},\"query-input\":{\"@type\":\"PropertyValueSpecification\",\"valueRequired\":true,\"valueName\":\"search_term_string\"}}],\"inLanguage\":\"sl-SI\"},{\"@type\":\"Organization\",\"@id\":\"https:\/\/arhico.si\/#organization\",\"name\":\"Novogradnja buti\u010dnega hotela v Radencih\",\"url\":\"https:\/\/arhico.si\/\",\"logo\":{\"@type\":\"ImageObject\",\"inLanguage\":\"sl-SI\",\"@id\":\"https:\/\/arhico.si\/#\/schema\/logo\/image\/\",\"url\":\"https:\/\/arhico.si\/wp-content\/uploads\/2025\/10\/cropped-Arhico-d.o.o.-logotip-2025.png\",\"contentUrl\":\"https:\/\/arhico.si\/wp-content\/uploads\/2025\/10\/cropped-Arhico-d.o.o.-logotip-2025.png\",\"width\":352,\"height\":119,\"caption\":\"Novogradnja buti\u010dnega hotela v Radencih\"},\"image\":{\"@id\":\"https:\/\/arhico.si\/#\/schema\/logo\/image\/\"}}]}<\/script>\n<!-- \/ Yoast SEO plugin. -->","yoast_head_json":{"title":"Novogradnja buti\u010dnega hotela v Radencih - ARHICO","description":"Novogradnja buti\u010dnega hotela v Radencih","robots":{"index":"index","follow":"follow","max-snippet":"max-snippet:-1","max-image-preview":"max-image-preview:large","max-video-preview":"max-video-preview:-1"},"canonical":"https:\/\/arhico.si\/index.php\/novogradnja-buticnega-hotela-v-radencih\/","og_locale":"sl_SI","og_type":"article","og_title":"Novogradnja buti\u010dnega hotela v Radencih - ARHICO","og_description":"Novogradnja buti\u010dnega hotela v Radencih","og_url":"https:\/\/arhico.si\/index.php\/novogradnja-buticnega-hotela-v-radencih\/","og_site_name":"ARHICO","article_modified_time":"2025-06-17T10:34:12+00:00","twitter_card":"summary_large_image","twitter_misc":{"Est. reading time":"1 minuta"},"schema":{"@context":"https:\/\/schema.org","@graph":[{"@type":"WebPage","@id":"https:\/\/arhico.si\/index.php\/novogradnja-buticnega-hotela-v-radencih\/","url":"https:\/\/arhico.si\/index.php\/novogradnja-buticnega-hotela-v-radencih\/","name":"Novogradnja buti\u010dnega hotela v Radencih - ARHICO","isPartOf":{"@id":"https:\/\/arhico.si\/#website"},"datePublished":"2025-06-09T20:47:32+00:00","dateModified":"2025-06-17T10:34:12+00:00","description":"Novogradnja buti\u010dnega hotela v Radencih","breadcrumb":{"@id":"https:\/\/arhico.si\/index.php\/novogradnja-buticnega-hotela-v-radencih\/#breadcrumb"},"inLanguage":"sl-SI","potentialAction":[{"@type":"ReadAction","target":["https:\/\/arhico.si\/index.php\/novogradnja-buticnega-hotela-v-radencih\/"]}]},{"@type":"BreadcrumbList","@id":"https:\/\/arhico.si\/index.php\/novogradnja-buticnega-hotela-v-radencih\/#breadcrumb","itemListElement":[{"@type":"ListItem","position":1,"name":"Home","item":"https:\/\/arhico.si\/"},{"@type":"ListItem","position":2,"name":"Novogradnja buti\u010dnega hotela v Radencih"}]},{"@type":"WebSite","@id":"https:\/\/arhico.si\/#website","url":"https:\/\/arhico.si\/","name":"Novogradnja buti\u010dnega hotela v Radencih","description":"Arhitecture I High I Constructions","publisher":{"@id":"https:\/\/arhico.si\/#organization"},"potentialAction":[{"@type":"SearchAction","target":{"@type":"EntryPoint","urlTemplate":"https:\/\/arhico.si\/?s={search_term_string}"},"query-input":{"@type":"PropertyValueSpecification","valueRequired":true,"valueName":"search_term_string"}}],"inLanguage":"sl-SI"},{"@type":"Organization","@id":"https:\/\/arhico.si\/#organization","name":"Novogradnja buti\u010dnega hotela v Radencih","url":"https:\/\/arhico.si\/","logo":{"@type":"ImageObject","inLanguage":"sl-SI","@id":"https:\/\/arhico.si\/#\/schema\/logo\/image\/","url":"https:\/\/arhico.si\/wp-content\/uploads\/2025\/10\/cropped-Arhico-d.o.o.-logotip-2025.png","contentUrl":"https:\/\/arhico.si\/wp-content\/uploads\/2025\/10\/cropped-Arhico-d.o.o.-logotip-2025.png","width":352,"height":119,"caption":"Novogradnja buti\u010dnega hotela v Radencih"},"image":{"@id":"https:\/\/arhico.si\/#\/schema\/logo\/image\/"}}]}},"_links":{"self":[{"href":"https:\/\/arhico.si\/index.php\/wp-json\/wp\/v2\/pages\/9","targetHints":{"allow":["GET"]}}],"collection":[{"href":"https:\/\/arhico.si\/index.php\/wp-json\/wp\/v2\/pages"}],"about":[{"href":"https:\/\/arhico.si\/index.php\/wp-json\/wp\/v2\/types\/page"}],"author":[{"embeddable":true,"href":"https:\/\/arhico.si\/index.php\/wp-json\/wp\/v2\/users\/1"}],"replies":[{"embeddable":true,"href":"https:\/\/arhico.si\/index.php\/wp-json\/wp\/v2\/comments?post=9"}],"version-history":[{"count":7,"href":"https:\/\/arhico.si\/index.php\/wp-json\/wp\/v2\/pages\/9\/revisions"}],"predecessor-version":[{"id":49,"href":"https:\/\/arhico.si\/index.php\/wp-json\/wp\/v2\/pages\/9\/revisions\/49"}],"wp:attachment":[{"href":"https:\/\/arhico.si\/index.php\/wp-json\/wp\/v2\/media?parent=9"}],"curies":[{"name":"wp","href":"https:\/\/api.w.org\/{rel}","templated":true}]}}