{"id":57,"date":"2025-10-10T23:47:37","date_gmt":"2025-10-10T23:47:37","guid":{"rendered":"https:\/\/arhico.si\/?page_id=57"},"modified":"2025-10-12T22:49:14","modified_gmt":"2025-10-12T22:49:14","slug":"domov","status":"publish","type":"page","link":"https:\/\/arhico.si\/index.php\/domov\/","title":{"rendered":"Domov"},"content":{"rendered":"\t\t<div data-elementor-type=\"wp-page\" data-elementor-id=\"57\" class=\"elementor elementor-57\">\n\t\t\t\t<div class=\"elementor-element elementor-element-42dea8ef e-flex e-con-boxed e-con e-parent\" data-id=\"42dea8ef\" data-element_type=\"container\">\n\t\t\t\t\t<div class=\"e-con-inner\">\n\t\t\t\t<div class=\"elementor-element elementor-element-62b8188a elementor-widget elementor-widget-text-editor\" data-id=\"62b8188a\" data-element_type=\"widget\" data-widget_type=\"text-editor.default\">\n\t\t\t\t\t\t\t\t\t<h5>Hitimo in ustvarjamo&#8230; prenavljamo spletno stran, da bomo z vami lahko delili vse najnovej\u0161e informacije&#8230; kak\u0161en dan ali dva in \u017ee bomo z nazaj z vami v novi podobi\u00a0<\/h5>\t\t\t\t\t\t\t\t<\/div>\n\t\t\t\t\t<\/div>\n\t\t\t\t<\/div>\n\t\t<div class=\"elementor-element elementor-element-2bbfc58 e-flex e-con-boxed e-con e-parent\" data-id=\"2bbfc58\" data-element_type=\"container\">\n\t\t\t\t\t<div class=\"e-con-inner\">\n\t\t\t\t<div class=\"elementor-element elementor-element-74ea1b1 elementor-widget elementor-widget-image\" data-id=\"74ea1b1\" data-element_type=\"widget\" data-widget_type=\"image.default\">\n\t\t\t\t\t\t\t\t\t\t\t\t\t\t\t<img decoding=\"async\" src=\"https:\/\/arhico.si\/wp-content\/uploads\/2025\/10\/variety-people-multitasking-3d-cartoon-scene-scaled.jpg\" title=\"variety-people-multitasking-3d-cartoon-scene\" alt=\"variety-people-multitasking-3d-cartoon-scene\" loading=\"lazy\" \/>\t\t\t\t\t\t\t\t\t\t\t\t\t\t\t<\/div>\n\t\t\t\t\t<\/div>\n\t\t\t\t<\/div>\n\t\t\t\t<\/div>\n\t\t","protected":false},"excerpt":{"rendered":"<p>Hitimo in ustvarjamo&#8230; prenavljamo spletno stran, da bomo z vami lahko delili vse najnovej\u0161e informacije&#8230; kak\u0161en dan ali dva in \u017ee bomo z nazaj z vami v novi podobi\u00a0<\/p>\n","protected":false},"author":1,"featured_media":0,"parent":0,"menu_order":0,"comment_status":"closed","ping_status":"closed","template":"","meta":{"_monsterinsights_skip_tracking":false,"_monsterinsights_sitenote_active":false,"_monsterinsights_sitenote_note":"","_monsterinsights_sitenote_category":0,"footnotes":""},"class_list":["post-57","page","type-page","status-publish","hentry"],"yoast_head":"<!-- This site is optimized with the Yoast SEO plugin v25.3 - https:\/\/yoast.com\/wordpress\/plugins\/seo\/ -->\n<title>Domov - ARHICO<\/title>\n<meta name=\"robots\" content=\"index, follow, max-snippet:-1, max-image-preview:large, max-video-preview:-1\" \/>\n<link rel=\"canonical\" href=\"https:\/\/arhico.si\/index.php\/domov\/\" \/>\n<meta property=\"og:locale\" content=\"sl_SI\" \/>\n<meta property=\"og:type\" content=\"article\" \/>\n<meta property=\"og:title\" content=\"Domov - ARHICO\" \/>\n<meta property=\"og:description\" content=\"Hitimo in ustvarjamo&#8230; prenavljamo spletno stran, da bomo z vami lahko delili vse najnovej\u0161e informacije&#8230; kak\u0161en dan ali dva in \u017ee bomo z nazaj z vami v novi podobi\u00a0\" \/>\n<meta property=\"og:url\" content=\"https:\/\/arhico.si\/index.php\/domov\/\" \/>\n<meta property=\"og:site_name\" content=\"ARHICO\" \/>\n<meta property=\"article:modified_time\" content=\"2025-10-12T22:49:14+00:00\" \/>\n<meta property=\"og:image\" content=\"https:\/\/arhico.si\/wp-content\/uploads\/2025\/10\/variety-people-multitasking-3d-cartoon-scene-scaled.jpg\" \/>\n<meta name=\"twitter:card\" content=\"summary_large_image\" \/>\n<meta name=\"twitter:label1\" content=\"Est. reading time\" \/>\n\t<meta name=\"twitter:data1\" content=\"1 minuta\" \/>\n<script type=\"application\/ld+json\" class=\"yoast-schema-graph\">{\"@context\":\"https:\/\/schema.org\",\"@graph\":[{\"@type\":\"WebPage\",\"@id\":\"https:\/\/arhico.si\/index.php\/domov\/\",\"url\":\"https:\/\/arhico.si\/index.php\/domov\/\",\"name\":\"Domov - ARHICO\",\"isPartOf\":{\"@id\":\"https:\/\/arhico.si\/#website\"},\"primaryImageOfPage\":{\"@id\":\"https:\/\/arhico.si\/index.php\/domov\/#primaryimage\"},\"image\":{\"@id\":\"https:\/\/arhico.si\/index.php\/domov\/#primaryimage\"},\"thumbnailUrl\":\"https:\/\/arhico.si\/wp-content\/uploads\/2025\/10\/variety-people-multitasking-3d-cartoon-scene-scaled.jpg\",\"datePublished\":\"2025-10-10T23:47:37+00:00\",\"dateModified\":\"2025-10-12T22:49:14+00:00\",\"breadcrumb\":{\"@id\":\"https:\/\/arhico.si\/index.php\/domov\/#breadcrumb\"},\"inLanguage\":\"sl-SI\",\"potentialAction\":[{\"@type\":\"ReadAction\",\"target\":[\"https:\/\/arhico.si\/index.php\/domov\/\"]}]},{\"@type\":\"ImageObject\",\"inLanguage\":\"sl-SI\",\"@id\":\"https:\/\/arhico.si\/index.php\/domov\/#primaryimage\",\"url\":\"https:\/\/arhico.si\/wp-content\/uploads\/2025\/10\/variety-people-multitasking-3d-cartoon-scene-scaled.jpg\",\"contentUrl\":\"https:\/\/arhico.si\/wp-content\/uploads\/2025\/10\/variety-people-multitasking-3d-cartoon-scene-scaled.jpg\",\"width\":2560,\"height\":2560},{\"@type\":\"BreadcrumbList\",\"@id\":\"https:\/\/arhico.si\/index.php\/domov\/#breadcrumb\",\"itemListElement\":[{\"@type\":\"ListItem\",\"position\":1,\"name\":\"Home\",\"item\":\"https:\/\/arhico.si\/\"},{\"@type\":\"ListItem\",\"position\":2,\"name\":\"Domov\"}]},{\"@type\":\"WebSite\",\"@id\":\"https:\/\/arhico.si\/#website\",\"url\":\"https:\/\/arhico.si\/\",\"name\":\"Novogradnja buti\u010dnega hotela v Radencih\",\"description\":\"Arhitecture I High I Constructions\",\"publisher\":{\"@id\":\"https:\/\/arhico.si\/#organization\"},\"potentialAction\":[{\"@type\":\"SearchAction\",\"target\":{\"@type\":\"EntryPoint\",\"urlTemplate\":\"https:\/\/arhico.si\/?s={search_term_string}\"},\"query-input\":{\"@type\":\"PropertyValueSpecification\",\"valueRequired\":true,\"valueName\":\"search_term_string\"}}],\"inLanguage\":\"sl-SI\"},{\"@type\":\"Organization\",\"@id\":\"https:\/\/arhico.si\/#organization\",\"name\":\"Novogradnja buti\u010dnega hotela v Radencih\",\"url\":\"https:\/\/arhico.si\/\",\"logo\":{\"@type\":\"ImageObject\",\"inLanguage\":\"sl-SI\",\"@id\":\"https:\/\/arhico.si\/#\/schema\/logo\/image\/\",\"url\":\"https:\/\/arhico.si\/wp-content\/uploads\/2025\/10\/cropped-Arhico-d.o.o.-logotip-2025.png\",\"contentUrl\":\"https:\/\/arhico.si\/wp-content\/uploads\/2025\/10\/cropped-Arhico-d.o.o.-logotip-2025.png\",\"width\":352,\"height\":119,\"caption\":\"Novogradnja buti\u010dnega hotela v Radencih\"},\"image\":{\"@id\":\"https:\/\/arhico.si\/#\/schema\/logo\/image\/\"}}]}<\/script>\n<!-- \/ Yoast SEO plugin. -->","yoast_head_json":{"title":"Domov - ARHICO","robots":{"index":"index","follow":"follow","max-snippet":"max-snippet:-1","max-image-preview":"max-image-preview:large","max-video-preview":"max-video-preview:-1"},"canonical":"https:\/\/arhico.si\/index.php\/domov\/","og_locale":"sl_SI","og_type":"article","og_title":"Domov - ARHICO","og_description":"Hitimo in ustvarjamo&#8230; prenavljamo spletno stran, da bomo z vami lahko delili vse najnovej\u0161e informacije&#8230; kak\u0161en dan ali dva in \u017ee bomo z nazaj z vami v novi podobi\u00a0","og_url":"https:\/\/arhico.si\/index.php\/domov\/","og_site_name":"ARHICO","article_modified_time":"2025-10-12T22:49:14+00:00","og_image":[{"url":"https:\/\/arhico.si\/wp-content\/uploads\/2025\/10\/variety-people-multitasking-3d-cartoon-scene-scaled.jpg","type":"","width":"","height":""}],"twitter_card":"summary_large_image","twitter_misc":{"Est. reading time":"1 minuta"},"schema":{"@context":"https:\/\/schema.org","@graph":[{"@type":"WebPage","@id":"https:\/\/arhico.si\/index.php\/domov\/","url":"https:\/\/arhico.si\/index.php\/domov\/","name":"Domov - ARHICO","isPartOf":{"@id":"https:\/\/arhico.si\/#website"},"primaryImageOfPage":{"@id":"https:\/\/arhico.si\/index.php\/domov\/#primaryimage"},"image":{"@id":"https:\/\/arhico.si\/index.php\/domov\/#primaryimage"},"thumbnailUrl":"https:\/\/arhico.si\/wp-content\/uploads\/2025\/10\/variety-people-multitasking-3d-cartoon-scene-scaled.jpg","datePublished":"2025-10-10T23:47:37+00:00","dateModified":"2025-10-12T22:49:14+00:00","breadcrumb":{"@id":"https:\/\/arhico.si\/index.php\/domov\/#breadcrumb"},"inLanguage":"sl-SI","potentialAction":[{"@type":"ReadAction","target":["https:\/\/arhico.si\/index.php\/domov\/"]}]},{"@type":"ImageObject","inLanguage":"sl-SI","@id":"https:\/\/arhico.si\/index.php\/domov\/#primaryimage","url":"https:\/\/arhico.si\/wp-content\/uploads\/2025\/10\/variety-people-multitasking-3d-cartoon-scene-scaled.jpg","contentUrl":"https:\/\/arhico.si\/wp-content\/uploads\/2025\/10\/variety-people-multitasking-3d-cartoon-scene-scaled.jpg","width":2560,"height":2560},{"@type":"BreadcrumbList","@id":"https:\/\/arhico.si\/index.php\/domov\/#breadcrumb","itemListElement":[{"@type":"ListItem","position":1,"name":"Home","item":"https:\/\/arhico.si\/"},{"@type":"ListItem","position":2,"name":"Domov"}]},{"@type":"WebSite","@id":"https:\/\/arhico.si\/#website","url":"https:\/\/arhico.si\/","name":"Novogradnja buti\u010dnega hotela v Radencih","description":"Arhitecture I High I Constructions","publisher":{"@id":"https:\/\/arhico.si\/#organization"},"potentialAction":[{"@type":"SearchAction","target":{"@type":"EntryPoint","urlTemplate":"https:\/\/arhico.si\/?s={search_term_string}"},"query-input":{"@type":"PropertyValueSpecification","valueRequired":true,"valueName":"search_term_string"}}],"inLanguage":"sl-SI"},{"@type":"Organization","@id":"https:\/\/arhico.si\/#organization","name":"Novogradnja buti\u010dnega hotela v Radencih","url":"https:\/\/arhico.si\/","logo":{"@type":"ImageObject","inLanguage":"sl-SI","@id":"https:\/\/arhico.si\/#\/schema\/logo\/image\/","url":"https:\/\/arhico.si\/wp-content\/uploads\/2025\/10\/cropped-Arhico-d.o.o.-logotip-2025.png","contentUrl":"https:\/\/arhico.si\/wp-content\/uploads\/2025\/10\/cropped-Arhico-d.o.o.-logotip-2025.png","width":352,"height":119,"caption":"Novogradnja buti\u010dnega hotela v Radencih"},"image":{"@id":"https:\/\/arhico.si\/#\/schema\/logo\/image\/"}}]}},"_links":{"self":[{"href":"https:\/\/arhico.si\/index.php\/wp-json\/wp\/v2\/pages\/57","targetHints":{"allow":["GET"]}}],"collection":[{"href":"https:\/\/arhico.si\/index.php\/wp-json\/wp\/v2\/pages"}],"about":[{"href":"https:\/\/arhico.si\/index.php\/wp-json\/wp\/v2\/types\/page"}],"author":[{"embeddable":true,"href":"https:\/\/arhico.si\/index.php\/wp-json\/wp\/v2\/users\/1"}],"replies":[{"embeddable":true,"href":"https:\/\/arhico.si\/index.php\/wp-json\/wp\/v2\/comments?post=57"}],"version-history":[{"count":5,"href":"https:\/\/arhico.si\/index.php\/wp-json\/wp\/v2\/pages\/57\/revisions"}],"predecessor-version":[{"id":115,"href":"https:\/\/arhico.si\/index.php\/wp-json\/wp\/v2\/pages\/57\/revisions\/115"}],"wp:attachment":[{"href":"https:\/\/arhico.si\/index.php\/wp-json\/wp\/v2\/media?parent=57"}],"curies":[{"name":"wp","href":"https:\/\/api.w.org\/{rel}","templated":true}]}}